{"id":20,"date":"2016-06-12T02:53:16","date_gmt":"2016-06-12T06:53:16","guid":{"rendered":"http:\/\/cuidatusojos.com\/?page_id=20"},"modified":"2024-10-03T02:44:27","modified_gmt":"2024-10-03T06:44:27","slug":"contacto","status":"publish","type":"page","link":"https:\/\/cuidatusojos.com\/en\/contacto\/","title":{"rendered":"Contact"},"content":{"rendered":"<p>Use this form to send us your questions, comments, or consultation requests to any of our locations in\u00a0<a href=\"#sancristobal\"><strong>San Crist\u00f3bal<\/strong><\/a>, <a href=\"#caracas\"><strong>Caracas<\/strong><\/a>, <a href=\"#puebla\"><strong>Puebla<\/strong><\/a> or <a href=\"#mexico\"><strong>Mexico City<\/strong><\/a>.<\/p>\n<p>&nbsp;<\/p>\n<div class=\"contactform\"><div class=\"wpforms-container wpforms-container-full\" id=\"wpforms-421\"><form id=\"wpforms-form-421\" class=\"wpforms-validate wpforms-form\" data-formid=\"421\" method=\"post\" enctype=\"multipart\/form-data\" action=\"\/en\/wp-json\/wp\/v2\/pages\/20\" data-token=\"982b8c833da6713d1657de8e22cef3c5\" data-token-time=\"1775395184\"><noscript class=\"wpforms-error-noscript\">Please enable JavaScript in your browser to complete this form.<\/noscript><div class=\"wpforms-field-container\"><div id=\"wpforms-421-field_0-container\" class=\"wpforms-field wpforms-field-name\" data-field-id=\"0\"><label class=\"wpforms-field-label wpforms-label-hide\" for=\"wpforms-421-field_0\">Nombre completo <span class=\"wpforms-required-label\">*<\/span><\/label><input type=\"text\" id=\"wpforms-421-field_0\" class=\"wpforms-field-medium wpforms-field-required\" name=\"wpforms[fields][0]\" placeholder=\"Nombre completo\" required><\/div><div id=\"wpforms-421-field_1-container\" class=\"wpforms-field wpforms-field-email\" data-field-id=\"1\"><label class=\"wpforms-field-label wpforms-label-hide\" for=\"wpforms-421-field_1\">Email <span class=\"wpforms-required-label\">*<\/span><\/label><input type=\"email\" id=\"wpforms-421-field_1\" class=\"wpforms-field-medium wpforms-field-required\" name=\"wpforms[fields][1]\" placeholder=\"Email\" spellcheck=\"false\" required><\/div><div id=\"wpforms-421-field_3-container\" class=\"wpforms-field wpforms-field-number\" data-field-id=\"3\"><label class=\"wpforms-field-label wpforms-label-hide\" for=\"wpforms-421-field_3\">Tel\u00e9fono <span class=\"wpforms-required-label\">*<\/span><\/label><input type=\"number\" id=\"wpforms-421-field_3\" class=\"wpforms-field-medium wpforms-field-required\" name=\"wpforms[fields][3]\" placeholder=\"Tel\u00e9fono\" step=\"any\" required><\/div><div id=\"wpforms-421-field_6-container\" class=\"wpforms-field wpforms-field-select wpforms-field-select-style-classic\" data-field-id=\"6\"><label class=\"wpforms-field-label wpforms-label-hide\" for=\"wpforms-421-field_6\">Asunto <span class=\"wpforms-required-label\">*<\/span><\/label><select id=\"wpforms-421-field_6\" class=\"wpforms-field-medium wpforms-field-required\" name=\"wpforms[fields][6]\" required=\"required\"><option value=\"\" class=\"placeholder\" disabled  selected='selected'>Asunto...<\/option><option value=\"Pregunta o Comentario\"  class=\"choice-1 depth-1\"  >Pregunta o Comentario<\/option><option value=\"Solicitud de Consulta\"  class=\"choice-2 depth-1\"  >Solicitud de Consulta<\/option><\/select><\/div><div id=\"wpforms-421-field_2-container\" class=\"wpforms-field wpforms-field-textarea\" data-field-id=\"2\"><label class=\"wpforms-field-label wpforms-label-hide\" for=\"wpforms-421-field_2\">Mensaje <span class=\"wpforms-required-label\">*<\/span><\/label><textarea id=\"wpforms-421-field_2\" class=\"wpforms-field-medium wpforms-field-required\" name=\"wpforms[fields][2]\" placeholder=\"Mensaje\" required><\/textarea><\/div><\/div><!-- .wpforms-field-container --><div class=\"wpforms-field wpforms-field-hp\"><label for=\"wpforms-421-field-hp\" class=\"wpforms-field-label\">Name<\/label><input type=\"text\" name=\"wpforms[hp]\" id=\"wpforms-421-field-hp\" class=\"wpforms-field-medium\"><\/div><div class=\"wpforms-recaptcha-container wpforms-is-recaptcha wpforms-is-recaptcha-type-v3\" ><input type=\"hidden\" name=\"wpforms[recaptcha]\" value=\"\"><\/div><div class=\"wpforms-submit-container\" ><input type=\"hidden\" name=\"wpforms[id]\" value=\"421\"><input type=\"hidden\" name=\"page_title\" value=\"\"><input type=\"hidden\" name=\"page_url\" value=\"https:\/\/cuidatusojos.com\/en\/wp-json\/wp\/v2\/pages\/20\"><input type=\"hidden\" name=\"url_referer\" value=\"\"><button type=\"submit\" name=\"wpforms[submit]\" id=\"wpforms-submit-421\" class=\"wpforms-submit sendbtn\" data-alt-text=\"Enviando...\" data-submit-text=\"Enviar\" aria-live=\"assertive\" value=\"wpforms-submit\">Enviar<\/button><\/div><\/form><\/div>  <!-- .wpforms-container --><\/div>\n<hr style=\"width: 100%; height: 1px;\" \/>\n<h2 id=\"ubicaciones\" style=\"font-weight: normal;\">Locations<\/h2>\n<p><span id=\"sancristobal\" style=\"font-weight: bold;\">San Crist\u00f3bal, Venezuela<\/span><\/p>\n<p style=\"padding-left: 30px;\">Centro Cl\u00ednico San Crist\u00f3bal<br \/>\nPiso 7 Consultorio 712<br \/>\nTelf: (0276) 343.72.09 \/ 344.12.68<br \/>\n341.58.55 \u2013 Fax 344.68.74<br \/>\nSan Crist\u00f3bal 5001 \u2013 Edo. T\u00e1chira &#8211; Venezuela<\/p>\n<p><span id=\"caracas\" style=\"font-weight: bold;\"><br \/>\nCaracas, Venezuela<\/span><\/p>\n<p style=\"padding-left: 30px;\">Hospital de Cl\u00ednicas Caracas<br \/>\nPiso 4 Consultorio 416<br \/>\nTelfs.: (0212) 576.40.38 &#8211; 578.06.66<br \/>\n508.64.16 &#8211; Fax: 576.19.59<br \/>\nCaracas 1011 &#8211; Venezuela<\/p>\n<p><span id=\"puebla\" style=\"font-weight: bold;\"><br \/>\nPuebla, M\u00e9xico<\/span><\/p>\n<p style=\"padding-left: 30px;\">Dr. George Antzoulatos Oquendo<br \/>\nConsultorio 3700 7\u00b0 Piso<br \/>\nTorre de Especialidades<br \/>\nAv. Kepler No. 2143<br \/>\nReserva Territorial Atlixcayotl<br \/>\nPuebla, M\u00e9xico CP 72190<br \/>\nTelf: +52-222-290-7591<\/p>\n<p><img loading=\"lazy\" decoding=\"async\" class=\"aligncenter size-full wp-image-407\" src=\"http:\/\/cuidatusojos.com\/wp-content\/uploads\/2018\/07\/gba-oftalmologos.jpg\" alt=\"GBA Oftalmologos Puebla\" width=\"600\" height=\"688\" srcset=\"https:\/\/cuidatusojos.com\/wp-content\/uploads\/2018\/07\/gba-oftalmologos.jpg 600w, https:\/\/cuidatusojos.com\/wp-content\/uploads\/2018\/07\/gba-oftalmologos-262x300.jpg 262w\" sizes=\"auto, (max-width: 600px) 100vw, 600px\" \/><br \/>\n<span id=\"mexico\" style=\"font-weight: bold;\"><br \/>\nMexico City, DF, M\u00e9xico<\/span><\/p>\n<p style=\"padding-left: 30px;\">Dr. George Antzoulatos Oquendo<br \/>\nAntonio M. Anza no. 47<br \/>\nCol. Roma, C.P. 06700<br \/>\nDel. Cuauht\u00e9moc<br \/>\nTelf: 5574-9398 \/ 5564-3319 \/ 55-4218-7212<br \/>\nM\u00e9xico DF &#8211; M\u00e9xico<\/p>\n<p><img loading=\"lazy\" decoding=\"async\" class=\"size-full wp-image-378 aligncenter\" src=\"http:\/\/cuidatusojos.com\/wp-content\/uploads\/2016\/08\/mapadf600.jpg\" alt=\"ciudad de mexico\" width=\"600\" height=\"354\" srcset=\"https:\/\/cuidatusojos.com\/wp-content\/uploads\/2016\/08\/mapadf600.jpg 600w, https:\/\/cuidatusojos.com\/wp-content\/uploads\/2016\/08\/mapadf600-300x177.jpg 300w\" sizes=\"auto, (max-width: 600px) 100vw, 600px\" \/><\/p>","protected":false},"excerpt":{"rendered":"<p>Use this form to send us your questions, comments, or consultation requests to any of our locations in\u00a0San Crist\u00f3bal, Caracas, Puebla or Mexico City. &nbsp; Locations San Crist\u00f3bal, Venezuela Centro Cl\u00ednico San Crist\u00f3bal Piso 7 Consultorio 712 Telf: (0276) 343.72.09 \/ 344.12.68 341.58.55 \u2013 Fax 344.68.74 San Crist\u00f3bal 5001 \u2013 Edo. T\u00e1chira &#8211; Venezuela Caracas, [&hellip;]<\/p>\n","protected":false},"author":1,"featured_media":0,"parent":0,"menu_order":0,"comment_status":"closed","ping_status":"closed","template":"","meta":{"_exactmetrics_skip_tracking":false,"_exactmetrics_sitenote_active":false,"_exactmetrics_sitenote_note":"","_exactmetrics_sitenote_category":0,"footnotes":""},"class_list":["post-20","page","type-page","status-publish","hentry"],"yoast_head":"<!-- This site is optimized with the Yoast SEO plugin v27.2 - https:\/\/yoast.com\/product\/yoast-seo-wordpress\/ -->\n<title>Contact - CuidaTusOjos.com<\/title>\n<meta name=\"robots\" content=\"index, follow, max-snippet:-1, max-image-preview:large, max-video-preview:-1\" \/>\n<link rel=\"canonical\" href=\"https:\/\/cuidatusojos.com\/contacto\/\" \/>\n<meta property=\"og:locale\" content=\"en_US\" \/>\n<meta property=\"og:type\" content=\"article\" \/>\n<meta property=\"og:title\" content=\"[:es]Contacto[:en]Contact[:] - CuidaTusOjos.com\" \/>\n<meta property=\"og:description\" content=\"Use this form to send us your questions, comments, or consultation requests to any of our locations in\u00a0San Crist\u00f3bal, Caracas, Puebla or Mexico City. &nbsp; Locations San Crist\u00f3bal, Venezuela Centro Cl\u00ednico San Crist\u00f3bal Piso 7 Consultorio 712 Telf: (0276) 343.72.09 \/ 344.12.68 341.58.55 \u2013 Fax 344.68.74 San Crist\u00f3bal 5001 \u2013 Edo. T\u00e1chira &#8211; Venezuela Caracas, [&hellip;]\" \/>\n<meta property=\"og:url\" content=\"https:\/\/cuidatusojos.com\/contacto\/\" \/>\n<meta property=\"og:site_name\" content=\"CuidaTusOjos.com\" \/>\n<meta property=\"article:modified_time\" content=\"2024-10-03T06:44:27+00:00\" \/>\n<meta property=\"og:image\" content=\"http:\/\/cuidatusojos.com\/wp-content\/uploads\/2018\/07\/gba-oftalmologos.jpg\" \/>\n<meta name=\"twitter:card\" content=\"summary_large_image\" \/>\n<meta name=\"twitter:label1\" content=\"Est. reading time\" \/>\n\t<meta name=\"twitter:data1\" content=\"1 minute\" \/>\n<script type=\"application\/ld+json\" class=\"yoast-schema-graph\">{\"@context\":\"https:\/\/schema.org\",\"@graph\":[{\"@type\":\"WebPage\",\"@id\":\"https:\/\/cuidatusojos.com\/contacto\/\",\"url\":\"https:\/\/cuidatusojos.com\/contacto\/\",\"name\":\"[:es]Contacto[:en]Contact[:] - CuidaTusOjos.com\",\"isPartOf\":{\"@id\":\"https:\/\/cuidatusojos.com\/#website\"},\"primaryImageOfPage\":{\"@id\":\"https:\/\/cuidatusojos.com\/contacto\/#primaryimage\"},\"image\":{\"@id\":\"https:\/\/cuidatusojos.com\/contacto\/#primaryimage\"},\"thumbnailUrl\":\"http:\/\/cuidatusojos.com\/wp-content\/uploads\/2018\/07\/gba-oftalmologos.jpg\",\"datePublished\":\"2016-06-12T06:53:16+00:00\",\"dateModified\":\"2024-10-03T06:44:27+00:00\",\"breadcrumb\":{\"@id\":\"https:\/\/cuidatusojos.com\/contacto\/#breadcrumb\"},\"inLanguage\":\"en-US\",\"potentialAction\":[{\"@type\":\"ReadAction\",\"target\":[\"https:\/\/cuidatusojos.com\/contacto\/\"]}]},{\"@type\":\"ImageObject\",\"inLanguage\":\"en-US\",\"@id\":\"https:\/\/cuidatusojos.com\/contacto\/#primaryimage\",\"url\":\"http:\/\/cuidatusojos.com\/wp-content\/uploads\/2018\/07\/gba-oftalmologos.jpg\",\"contentUrl\":\"http:\/\/cuidatusojos.com\/wp-content\/uploads\/2018\/07\/gba-oftalmologos.jpg\"},{\"@type\":\"BreadcrumbList\",\"@id\":\"https:\/\/cuidatusojos.com\/contacto\/#breadcrumb\",\"itemListElement\":[{\"@type\":\"ListItem\",\"position\":1,\"name\":\"Portada\",\"item\":\"https:\/\/cuidatusojos.com\/\"},{\"@type\":\"ListItem\",\"position\":2,\"name\":\"Contacto\"}]},{\"@type\":\"WebSite\",\"@id\":\"https:\/\/cuidatusojos.com\/#website\",\"url\":\"https:\/\/cuidatusojos.com\/\",\"name\":\"CuidaTusOjos.com\",\"description\":\"Centro Oftalmol\u00f3gico Antzoulatos\",\"publisher\":{\"@id\":\"https:\/\/cuidatusojos.com\/#organization\"},\"potentialAction\":[{\"@type\":\"SearchAction\",\"target\":{\"@type\":\"EntryPoint\",\"urlTemplate\":\"https:\/\/cuidatusojos.com\/?s={search_term_string}\"},\"query-input\":{\"@type\":\"PropertyValueSpecification\",\"valueRequired\":true,\"valueName\":\"search_term_string\"}}],\"inLanguage\":\"en-US\"},{\"@type\":\"Organization\",\"@id\":\"https:\/\/cuidatusojos.com\/#organization\",\"name\":\"Centro Oftalmol\u00f3gico Antzoulatos\",\"url\":\"https:\/\/cuidatusojos.com\/\",\"logo\":{\"@type\":\"ImageObject\",\"inLanguage\":\"en-US\",\"@id\":\"https:\/\/cuidatusojos.com\/#\/schema\/logo\/image\/\",\"url\":\"https:\/\/cuidatusojos.com\/wp-content\/uploads\/2016\/07\/logo-coa-65.png\",\"contentUrl\":\"https:\/\/cuidatusojos.com\/wp-content\/uploads\/2016\/07\/logo-coa-65.png\",\"width\":92,\"height\":65,\"caption\":\"Centro Oftalmol\u00f3gico Antzoulatos\"},\"image\":{\"@id\":\"https:\/\/cuidatusojos.com\/#\/schema\/logo\/image\/\"},\"sameAs\":[\"https:\/\/www.linkedin.com\/in\/beatriz-antzoulatos-8277aa35\"]}]}<\/script>\n<!-- \/ Yoast SEO plugin. -->","yoast_head_json":{"title":"[:es]Contacto[:en]Contact[:] - CuidaTusOjos.com","robots":{"index":"index","follow":"follow","max-snippet":"max-snippet:-1","max-image-preview":"max-image-preview:large","max-video-preview":"max-video-preview:-1"},"canonical":"https:\/\/cuidatusojos.com\/contacto\/","og_locale":"en_US","og_type":"article","og_title":"[:es]Contacto[:en]Contact[:] - CuidaTusOjos.com","og_description":"Use this form to send us your questions, comments, or consultation requests to any of our locations in\u00a0San Crist\u00f3bal, Caracas, Puebla or Mexico City. &nbsp; Locations San Crist\u00f3bal, Venezuela Centro Cl\u00ednico San Crist\u00f3bal Piso 7 Consultorio 712 Telf: (0276) 343.72.09 \/ 344.12.68 341.58.55 \u2013 Fax 344.68.74 San Crist\u00f3bal 5001 \u2013 Edo. T\u00e1chira &#8211; Venezuela Caracas, [&hellip;]","og_url":"https:\/\/cuidatusojos.com\/contacto\/","og_site_name":"CuidaTusOjos.com","article_modified_time":"2024-10-03T06:44:27+00:00","og_image":[{"url":"http:\/\/cuidatusojos.com\/wp-content\/uploads\/2018\/07\/gba-oftalmologos.jpg","type":"","width":"","height":""}],"twitter_card":"summary_large_image","twitter_misc":{"Est. reading time":"1 minute"},"schema":{"@context":"https:\/\/schema.org","@graph":[{"@type":"WebPage","@id":"https:\/\/cuidatusojos.com\/contacto\/","url":"https:\/\/cuidatusojos.com\/contacto\/","name":"[:es]Contacto[:en]Contact[:] - CuidaTusOjos.com","isPartOf":{"@id":"https:\/\/cuidatusojos.com\/#website"},"primaryImageOfPage":{"@id":"https:\/\/cuidatusojos.com\/contacto\/#primaryimage"},"image":{"@id":"https:\/\/cuidatusojos.com\/contacto\/#primaryimage"},"thumbnailUrl":"http:\/\/cuidatusojos.com\/wp-content\/uploads\/2018\/07\/gba-oftalmologos.jpg","datePublished":"2016-06-12T06:53:16+00:00","dateModified":"2024-10-03T06:44:27+00:00","breadcrumb":{"@id":"https:\/\/cuidatusojos.com\/contacto\/#breadcrumb"},"inLanguage":"en-US","potentialAction":[{"@type":"ReadAction","target":["https:\/\/cuidatusojos.com\/contacto\/"]}]},{"@type":"ImageObject","inLanguage":"en-US","@id":"https:\/\/cuidatusojos.com\/contacto\/#primaryimage","url":"http:\/\/cuidatusojos.com\/wp-content\/uploads\/2018\/07\/gba-oftalmologos.jpg","contentUrl":"http:\/\/cuidatusojos.com\/wp-content\/uploads\/2018\/07\/gba-oftalmologos.jpg"},{"@type":"BreadcrumbList","@id":"https:\/\/cuidatusojos.com\/contacto\/#breadcrumb","itemListElement":[{"@type":"ListItem","position":1,"name":"Portada","item":"https:\/\/cuidatusojos.com\/"},{"@type":"ListItem","position":2,"name":"Contacto"}]},{"@type":"WebSite","@id":"https:\/\/cuidatusojos.com\/#website","url":"https:\/\/cuidatusojos.com\/","name":"CuidaTusOjos.com","description":"Centro Oftalmol\u00f3gico Antzoulatos","publisher":{"@id":"https:\/\/cuidatusojos.com\/#organization"},"potentialAction":[{"@type":"SearchAction","target":{"@type":"EntryPoint","urlTemplate":"https:\/\/cuidatusojos.com\/?s={search_term_string}"},"query-input":{"@type":"PropertyValueSpecification","valueRequired":true,"valueName":"search_term_string"}}],"inLanguage":"en-US"},{"@type":"Organization","@id":"https:\/\/cuidatusojos.com\/#organization","name":"Centro Oftalmol\u00f3gico Antzoulatos","url":"https:\/\/cuidatusojos.com\/","logo":{"@type":"ImageObject","inLanguage":"en-US","@id":"https:\/\/cuidatusojos.com\/#\/schema\/logo\/image\/","url":"https:\/\/cuidatusojos.com\/wp-content\/uploads\/2016\/07\/logo-coa-65.png","contentUrl":"https:\/\/cuidatusojos.com\/wp-content\/uploads\/2016\/07\/logo-coa-65.png","width":92,"height":65,"caption":"Centro Oftalmol\u00f3gico Antzoulatos"},"image":{"@id":"https:\/\/cuidatusojos.com\/#\/schema\/logo\/image\/"},"sameAs":["https:\/\/www.linkedin.com\/in\/beatriz-antzoulatos-8277aa35"]}]}},"_links":{"self":[{"href":"https:\/\/cuidatusojos.com\/en\/wp-json\/wp\/v2\/pages\/20","targetHints":{"allow":["GET"]}}],"collection":[{"href":"https:\/\/cuidatusojos.com\/en\/wp-json\/wp\/v2\/pages"}],"about":[{"href":"https:\/\/cuidatusojos.com\/en\/wp-json\/wp\/v2\/types\/page"}],"author":[{"embeddable":true,"href":"https:\/\/cuidatusojos.com\/en\/wp-json\/wp\/v2\/users\/1"}],"replies":[{"embeddable":true,"href":"https:\/\/cuidatusojos.com\/en\/wp-json\/wp\/v2\/comments?post=20"}],"version-history":[{"count":0,"href":"https:\/\/cuidatusojos.com\/en\/wp-json\/wp\/v2\/pages\/20\/revisions"}],"wp:attachment":[{"href":"https:\/\/cuidatusojos.com\/en\/wp-json\/wp\/v2\/media?parent=20"}],"curies":[{"name":"wp","href":"https:\/\/api.w.org\/{rel}","templated":true}]}}